{"id":992,"date":"2023-11-21T11:41:35","date_gmt":"2023-11-21T17:41:35","guid":{"rendered":"https:\/\/libreriahistoriasdebolsillo.com\/?post_type=product&#038;p=992"},"modified":"2023-11-21T11:41:35","modified_gmt":"2023-11-21T17:41:35","slug":"amar-desamar-amar-de-nuevo","status":"publish","type":"product","link":"https:\/\/libreriahistoriasdebolsillo.com\/index.php\/producto\/amar-desamar-amar-de-nuevo\/","title":{"rendered":"Amar, desamar, amar de nuevo"},"content":{"rendered":"<p>\u00bfQui\u00e9n no ha experimentado la alegr\u00eda de tener un amor, el dolor de perderlo o la dureza de recomenzar?<\/p>\n<p>Esta es tu historia, la m\u00eda, la de todos.<\/p>\n<p>Ya que el amor parece una monta\u00f1a rusa de sensaciones que nos anima, nos asusta y nos hace humanos, en este libro emprender\u00e1s un viaje para entender por qu\u00e9 este sentimiento nunca se da ni permanece tan f\u00e1cilmente como te gustar\u00eda.<\/p>\n<p>Deja de compararte con los estereotipos de cuentos de hadas, abre tu coraz\u00f3n y descubre que el secreto siempre ha estado en ti, en descifrar tu lugar en el mundo y en ser fiel a lo que buscas.<\/p>\n<p><strong>Hay tantos modelos de relaciones como personas en el mundo. Aqu\u00ed aprender\u00e1s c\u00f3mo encontrar el perfecto para ti.<\/strong><\/p>\n","protected":false},"excerpt":{"rendered":"<p>Marcos Lacerda<\/p>\n","protected":false},"featured_media":993,"template":"","meta":{"_joinchat":[]},"product_brand":[],"product_cat":[58,41],"product_tag":[48],"class_list":{"0":"post-992","1":"product","2":"type-product","3":"status-publish","4":"has-post-thumbnail","6":"product_cat-desarrollo-humano-y-superacion","7":"product_cat-desarrollo-humano","8":"product_tag-vr-editoras","10":"first","11":"instock","12":"shipping-taxable","13":"purchasable","14":"product-type-simple"},"_links":{"self":[{"href":"https:\/\/libreriahistoriasdebolsillo.com\/index.php\/wp-json\/wp\/v2\/product\/992","targetHints":{"allow":["GET"]}}],"collection":[{"href":"https:\/\/libreriahistoriasdebolsillo.com\/index.php\/wp-json\/wp\/v2\/product"}],"about":[{"href":"https:\/\/libreriahistoriasdebolsillo.com\/index.php\/wp-json\/wp\/v2\/types\/product"}],"wp:featuredmedia":[{"embeddable":true,"href":"https:\/\/libreriahistoriasdebolsillo.com\/index.php\/wp-json\/wp\/v2\/media\/993"}],"wp:attachment":[{"href":"https:\/\/libreriahistoriasdebolsillo.com\/index.php\/wp-json\/wp\/v2\/media?parent=992"}],"wp:term":[{"taxonomy":"product_brand","embeddable":true,"href":"https:\/\/libreriahistoriasdebolsillo.com\/index.php\/wp-json\/wp\/v2\/product_brand?post=992"},{"taxonomy":"product_cat","embeddable":true,"href":"https:\/\/libreriahistoriasdebolsillo.com\/index.php\/wp-json\/wp\/v2\/product_cat?post=992"},{"taxonomy":"product_tag","embeddable":true,"href":"https:\/\/libreriahistoriasdebolsillo.com\/index.php\/wp-json\/wp\/v2\/product_tag?post=992"}],"curies":[{"name":"wp","href":"https:\/\/api.w.org\/{rel}","templated":true}]}}