{"id":996,"date":"2023-11-21T11:43:27","date_gmt":"2023-11-21T17:43:27","guid":{"rendered":"https:\/\/libreriahistoriasdebolsillo.com\/?post_type=product&#038;p=996"},"modified":"2025-02-14T18:15:00","modified_gmt":"2025-02-15T00:15:00","slug":"aligera-tu-vida-y-alcanza-el-exito","status":"publish","type":"product","link":"https:\/\/libreriahistoriasdebolsillo.com\/index.php\/producto\/aligera-tu-vida-y-alcanza-el-exito\/","title":{"rendered":"\u00a1Aligera tu vida! y alcanza el \u00e9xito"},"content":{"rendered":"<p>Seguramente conoces a personas que se quejan el d\u00eda entero, siempre son las v\u00edctimas y ven problemas en todo. De esas para las que el clima siempre es malo o el lunes no deber\u00eda de existir. Si quieres alcanzar el \u00e9xito, primero sigue este consejo: \u00a1al\u00e9jate de ellas! Si no sabes c\u00f3mo hacerlo, este libro te lo ense\u00f1ar\u00e1. En \u00a1Aligera tu vida! encontrar\u00e1s consejos concretos para liberarte de todo lo que te oprime y no te permite avanzar. Aprende a pensar en oportunidades, en lugar de ver problemas y riesgos. Sigue tu propio camino y d\u00e9jate guiar por tus sue\u00f1os y visiones. Pero, sobre todo, busca personas que te apoyen, que te inspiren y que te permitan crecer. Con divertidas historias y t\u00e9cnicas probadas, este libro es muy f\u00e1cil de leer y te ayudar\u00e1 a dirigir con \u00e9xito tu vida en lugar de que otros lo hagan por ti.<\/p>\n","protected":false},"excerpt":{"rendered":"<p>Tobias Beck<\/p>\n","protected":false},"featured_media":997,"template":"","meta":{"_joinchat":[]},"product_brand":[],"product_cat":[58,41],"product_tag":[48],"class_list":{"0":"post-996","1":"product","2":"type-product","3":"status-publish","4":"has-post-thumbnail","6":"product_cat-desarrollo-humano-y-superacion","7":"product_cat-desarrollo-humano","8":"product_tag-vr-editoras","10":"first","11":"instock","12":"shipping-taxable","13":"purchasable","14":"product-type-simple"},"_links":{"self":[{"href":"https:\/\/libreriahistoriasdebolsillo.com\/index.php\/wp-json\/wp\/v2\/product\/996","targetHints":{"allow":["GET"]}}],"collection":[{"href":"https:\/\/libreriahistoriasdebolsillo.com\/index.php\/wp-json\/wp\/v2\/product"}],"about":[{"href":"https:\/\/libreriahistoriasdebolsillo.com\/index.php\/wp-json\/wp\/v2\/types\/product"}],"wp:featuredmedia":[{"embeddable":true,"href":"https:\/\/libreriahistoriasdebolsillo.com\/index.php\/wp-json\/wp\/v2\/media\/997"}],"wp:attachment":[{"href":"https:\/\/libreriahistoriasdebolsillo.com\/index.php\/wp-json\/wp\/v2\/media?parent=996"}],"wp:term":[{"taxonomy":"product_brand","embeddable":true,"href":"https:\/\/libreriahistoriasdebolsillo.com\/index.php\/wp-json\/wp\/v2\/product_brand?post=996"},{"taxonomy":"product_cat","embeddable":true,"href":"https:\/\/libreriahistoriasdebolsillo.com\/index.php\/wp-json\/wp\/v2\/product_cat?post=996"},{"taxonomy":"product_tag","embeddable":true,"href":"https:\/\/libreriahistoriasdebolsillo.com\/index.php\/wp-json\/wp\/v2\/product_tag?post=996"}],"curies":[{"name":"wp","href":"https:\/\/api.w.org\/{rel}","templated":true}]}}